{"id":33997,"date":"2023-05-18T11:29:21","date_gmt":"2023-05-18T09:29:21","guid":{"rendered":"https:\/\/truescreen.io\/?page_id=33997"},"modified":"2024-08-29T15:25:51","modified_gmt":"2024-08-29T13:25:51","slug":"informativa-sulla-privacy","status":"publish","type":"page","link":"https:\/\/truescreen.io\/it\/privacy-policy\/","title":{"rendered":"Privacy Policy"},"content":{"rendered":"<div class=\"fusion-fullwidth fullwidth-box fusion-builder-row-1 fusion-flex-container has-pattern-background has-mask-background nonhundred-percent-fullwidth non-hundred-percent-height-scrolling\" style=\"--link_color: var(--awb-color6);--awb-border-radius-top-left:0px;--awb-border-radius-top-right:0px;--awb-border-radius-bottom-right:0px;--awb-border-radius-bottom-left:0px;--awb-background-color:var(--awb-color1);--awb-flex-wrap:wrap;\" ><div class=\"fusion-builder-row fusion-row fusion-flex-align-items-flex-start fusion-flex-content-wrap\" style=\"max-width:1236px;margin-left: calc(-3% \/ 2 );margin-right: calc(-3% \/ 2 );\"><div class=\"fusion-layout-column fusion_builder_column fusion-builder-column-0 fusion_builder_column_1_1 1_1 fusion-flex-column\" style=\"--awb-padding-top:40px;--awb-bg-size:cover;--awb-width-large:100%;--awb-margin-top-large:0px;--awb-spacing-right-large:1.455%;--awb-margin-bottom-large:80px;--awb-spacing-left-large:1.455%;--awb-width-medium:100%;--awb-order-medium:0;--awb-spacing-right-medium:1.455%;--awb-spacing-left-medium:1.455%;--awb-width-small:100%;--awb-order-small:0;--awb-spacing-right-small:1.455%;--awb-spacing-left-small:1.455%;\"><div class=\"fusion-column-wrapper fusion-column-has-shadow fusion-flex-justify-content-flex-start fusion-content-layout-column\"><div class=\"fusion-title title fusion-title-1 fusion-sep-none fusion-title-center fusion-title-text fusion-title-size-one\"><h1 class=\"fusion-title-heading title-heading-center fusion-responsive-typography-calculated\" style=\"margin:0;--fontSize:36;--minFontSize:36;line-height:1.3;\"><h1 style=\"text-align: left;\"><span class=\"c23\">Privacy Policy<\/span><\/h1><\/h1><\/div><div class=\"fusion-text fusion-text-1\"><p>La presente Informativa sulla privacy illustra le modalit\u00e0 di trattamento dei dati personali, comprese le scelte effettuate dall'utente in merito alla raccolta, all'utilizzo e alla divulgazione di determinate informazioni, compresi i dati personali, in relazione ai Servizi forniti da TrueScreen.<\/p>\n<\/div><div class=\"fusion-title title fusion-title-2 fusion-sep-none fusion-title-text fusion-title-size-three\"><h3 class=\"fusion-title-heading title-heading-left fusion-responsive-typography-calculated\" style=\"margin:0;--fontSize:26;--minFontSize:26;line-height:1.35;\"><h3>Informazioni di contatto del responsabile del trattamento dei dati<\/h3><\/h3><\/div><div class=\"fusion-text fusion-text-2\"><p>Il Titolare del trattamento \u00e8 TrueScreen S.r.l., con sede in Via della Zecca 1, Bologna, Italia (P.IVA 03920081209). In caso di domande sul proprio account o di necessit\u00e0 di contattare il servizio clienti, \u00e8 possibile contattare il nostro centro di assistenza all'indirizzo <a href=\"mailto:support@truescreen.app\" rel=\"noopener\">support@truescreen.app<\/a>.<\/p>\n<p>Per richieste specifiche sulla presente informativa sulla privacy o sull'utilizzo da parte nostra dei vostri dati personali, dei cookie o di tecnologie simili, potete contattarci via e-mail all'indirizzo <a href=\"mailto:privacy@truescreen.app\" rel=\"noopener\">privacy@truescreen.app<\/a>. Per motivi di sicurezza, potremmo dover verificare la vostra identit\u00e0 prima di soddisfare la vostra richiesta.<\/p>\n<\/div><div class=\"fusion-title title fusion-title-3 fusion-sep-none fusion-title-text fusion-title-size-three\"><h3 class=\"fusion-title-heading title-heading-left fusion-responsive-typography-calculated\" style=\"margin:0;--fontSize:26;--minFontSize:26;line-height:1.35;\"><h2 class=\"c3\">Tipi di dati raccolti<\/h2><\/h3><\/div><div class=\"fusion-text fusion-text-3\"><p>Riceviamo e conserviamo le seguenti categorie di dati personali, distinguendo tra l'agire in qualit\u00e0 di Titolare del trattamento o di Responsabile esterno ai sensi dell'art. 28 GDPR, per i quali la nomina pu\u00f2 essere scaricata tramite il seguente <a href=\"https:\/\/truescreen.io\/mobile_app\/it\/dpa.pdf\">link<\/a>.<\/p>\n<ul>\n<li><strong>Informazioni di contatto:<\/strong> Nomi, indirizzi e-mail e altre informazioni di contatto dell'utente, come ad esempio le maniglie dei social media.<\/li>\n<li><strong>Contenuto dell'utente:<\/strong> Foto, video o audio le vostre foto o video, compresi i video associati ad OTP per finalit\u00e0 di realizzazione di Firma Elettronica Avanzata, l'app richieder\u00e0 il vostro permesso per accedere alle registrazioni del vostro microfono e alla vostra libreria foto e video quando utilizzate l'app per attivare i Servizi TrueScreen.<\/li>\n<li><strong>Identificatori:<\/strong> ID utente come nomi utente, ID account, ID dispositivo, ecc.<\/li>\n<li><strong>Dati sulla posizione:<\/strong> Informazioni precise sulla posizione.<\/li>\n<li><strong>Dati di utilizzo:<\/strong> Interazione con il prodotto, comprese le aperture delle app, i clic e i dati di scorrimento.<\/li>\n<li><strong>Diagnostica:<\/strong> Dati sugli arresti anomali, dati sulle prestazioni, come il tempo di apertura delle app, e altri dati di diagnostica tecnica.<\/li>\n<\/ul>\n<\/div>\n<div class=\"table-1\">\n<table width=\"100%\">\n<thead>\n<tr>\n<th style=\"width: 50%;\" align=\"left\">TrueScreen - Titolare del trattamento<\/th>\n<th style=\"width: 50%;\" align=\"left\">TrueScreen \u2013 Responsabile del trattamento<\/th>\n<\/tr>\n<\/thead>\n<tbody>\n<tr>\n<td align=\"left\">\n<p class=\"c3\"><span class=\"c2\">Informazioni di contatto<\/span><\/p>\n<ul class=\"c15 lst-kix_list_5-0 start\">\n<li class=\"c3 c9 li-bullet-0\"><span class=\"c0\">Nominativi come nome e cognome<\/span><\/li>\n<li class=\"c3 c9 li-bullet-0\"><span class=\"c0\">Indirizzo e-mail e altre informazioni di contatto dell'utente come il nome sui social media<\/span><\/li>\n<\/ul>\n<\/td>\n<td align=\"left\">\n<p class=\"c3\"><span class=\"c2\">Contenuti dell'utente<\/span><\/p>\n<ul class=\"c15 lst-kix_list_5-0\">\n<li class=\"c3 c9 li-bullet-0\">Foto, video o registrazioni audio, compresi i video associati all'OTP ai fini della creazione di una Firma Elettronica Avanzata, l'app richieder\u00e0 all'utente l'autorizzazione ad accedere alle registrazioni del microfono e alla libreria di foto e video quando si utilizza l'app per attivare i Servizi TrueScreen.<\/li>\n<li class=\"c3 c9 li-bullet-0\"><span class=\"c0\">Altri contenuti dell'utente, come le risposte ai sondaggi o i dati generati dall'utente durante una richiesta di assistenza clienti<\/span><\/li>\n<\/ul>\n<\/td>\n<\/tr>\n<tr>\n<td align=\"left\">\n<p class=\"c3\"><span class=\"c2\">Identificatori<\/span><\/p>\n<ul class=\"c15 lst-kix_list_5-0\">\n<li class=\"c3 c9 li-bullet-0\"><span class=\"c2\">ID utente&nbsp;<\/span><span class=\"c0\">come il nome dello schermo, l'handle, l'ID dell'account, l'ID dell'utente assegnato, il numero di cliente o un altro ID a livello di utente o di account che pu\u00f2 essere utilizzato per identificare un particolare utente o account<\/span><\/li>\n<li class=\"c3 c9 li-bullet-0\"><span class=\"c2\">ID dispositivo&nbsp;<\/span><span class=\"c0\">come l'identificatore pubblicitario del dispositivo o un altro ID a livello di dispositivo.<\/span><\/li>\n<\/ul>\n<\/td>\n<td align=\"left\">\n<p class=\"c3\"><span class=\"c2\">Posizione<\/span><\/p>\n<p class=\"c3\"><span class=\"c0\">Posizione precisa ossia informazioni che descrivono la posizione di un utente o di un dispositivo con una precisione uguale o maggiore ad una latitudine e longitudine con tre o pi\u00f9 cifre decimali<\/span><\/p>\n<\/td>\n<\/tr>\n<tr>\n<td align=\"left\">\n<p class=\"c3\"><span class=\"c2\">Dati di utilizzo<\/span><\/p>\n<p class=\"c3 c26 translation-block\">Interazione con il prodotto, come, ad esempio, l\u2019apertura delle app, tap, click, informazioni di scrolling, i dati di ascolto della musica, le visualizzazioni dei video e altre informazioni su come l'utente interagisce con l'app<\/p>\n<\/td>\n<td align=\"left\"><\/td>\n<\/tr>\n<tr>\n<td align=\"left\">\n<p class=\"c3\"><span class=\"c2\">Diagnostica<\/span><\/p>\n<ul class=\"c15 lst-kix_list_5-0\">\n<li class=\"c3 c9 li-bullet-0\"><span class=\"c0\">Dati di crash come crash log<\/span><\/li>\n<li class=\"c3 c9 li-bullet-0\"><span class=\"c0\">Dati sulle prestazioni come il tempo di apertura dell\u2019app, l\u2019hang rate o il consumo di energia<\/span><\/li>\n<li class=\"c3 c9 li-bullet-0\"><span class=\"c0\">Altri dati diagnostici come qualsiasi altro dato raccolto allo scopo di misurare la diagnostica tecnica relativa all'app<\/span><\/li>\n<\/ul>\n<\/td>\n<td align=\"left\"><\/td>\n<\/tr>\n<\/tbody>\n<\/table>\n<\/div>\n<div class=\"fusion-separator fusion-full-width-sep\" style=\"align-self: center;margin-left: auto;margin-right: auto;flex-grow:3;margin-top:30px;width:100%;\"><\/div><div class=\"fusion-title title fusion-title-4 fusion-sep-none fusion-title-text fusion-title-size-three\"><h3 class=\"fusion-title-heading title-heading-left fusion-responsive-typography-calculated\" style=\"margin:0;--fontSize:26;--minFontSize:26;line-height:1.35;\"><h2 class=\"c3\">Finalit\u00e0 e basi giuridiche<\/h2><\/h3><\/div><div class=\"fusion-text fusion-text-4\"><p>Trattiamo i dati personali per le finalit\u00e0 e sulle basi giuridiche indicate di seguito.<\/p>\n<\/div>\n<div class=\"table-1\">\n<table width=\"100%\">\n<thead>\n<tr>\n<th align=\"left\"><\/th>\n<th align=\"left\">Finalit\u00e0<\/th>\n<th align=\"left\">Base giuridica<\/th>\n<\/tr>\n<\/thead>\n<tbody>\n<tr>\n<td align=\"left\">1<\/td>\n<td align=\"left\">\n<p class=\"c3\"><span class=\"c0\">Per permetterle l\u2019utilizzo dell'app e delle sue funzionalit\u00e0, tra cui:<\/span><\/p>\n<ul class=\"c15 lst-kix_list_2-0\">\n<li class=\"c3 c9 li-bullet-0\"><span class=\"c0\">creare una prova certificata \u2013 ed eventualmente sottoscritta con FEA -  del contenuto digitale che hai scelto di raccogliere<\/span><\/li>\n<li class=\"c3 c9 li-bullet-0\"><span class=\"c0\">creare un account e autenticare l'accesso al proprio account<\/span><\/li>\n<li class=\"c3 c9 li-bullet-0\"><span class=\"c0\">elaborare i tuoi ordini e pagamenti<\/span><\/li>\n<\/ul>\n<\/td>\n<td align=\"left\">L'esecuzione di un contratto di cui l'interessato \u00e8 parte o l'esecuzione di misure precontrattuali adottate su richiesta dell'interessato.<\/td>\n<\/tr>\n<tr>\n<td align=\"left\">2<\/td>\n<td align=\"left\">Per elaborare e rispondere alle comunicazioni dell'assistenza clienti e alle richieste di informazioni.<\/td>\n<td align=\"left\">Legittimo interesse.<\/td>\n<\/tr>\n<tr>\n<td align=\"left\">3<\/td>\n<td align=\"left\">Per migliorare i nostri prodotti e servizi (per esempio, conducendo sondaggi tra gli utenti e attivit\u00e0 di ricerca per fornire nuove funzionalit\u00e0 e per valutare la soddisfazione degli utenti)<\/td>\n<td align=\"left\">Legittimo interesse.<\/td>\n<\/tr>\n<tr>\n<td align=\"left\">4<\/td>\n<td align=\"left\">Per inviarle informazioni e comunicazioni di marketing sui nostri prodotti e servizi, come consigli, offerte e newsletter tramite e-mail (c.d. soft-spam).<\/td>\n<td align=\"left\">Per il perseguimento dei nostri legittimi interessi, a condizione che non prevalgano gli interessi o i diritti e le libert\u00e0 fondamentali dell'interessato ai sensi dell'articolo 130, comma 4, del Codice della Privacy (D.Lgs. n. 196\/2003, come modificato dal D.Lgs n. 101\/1018).<\/td>\n<\/tr>\n<tr>\n<td align=\"left\">5<\/td>\n<td align=\"left\">Proteggere i nostri sistemi, prevenire le frodi e aiutarci a proteggere la sicurezza (ad esempio confermando la tua identit\u00e0).<\/td>\n<td align=\"left\">Legittimo interesse.<\/td>\n<\/tr>\n<tr>\n<td align=\"left\">6<\/td>\n<td align=\"left\">Per rispettare i nostri obblighi legali, comprese le richieste delle autorit\u00e0 pubbliche.<\/td>\n<td align=\"left\">Adempiere un obbligo legale al quale siamo soggetti.<\/td>\n<\/tr>\n<tr>\n<td align=\"left\">7<\/td>\n<td align=\"left\">Per stabilire, esercitare o difendere i nostri diritti e quelli dei nostri dipendenti, e per effettuare transazioni o operazioni aziendali (per esempio, in caso di fallimento, fusione, acquisizione, riorganizzazione, vendita di beni o assegnazioni, e due diligence relative a tali transazioni)<\/td>\n<td align=\"left\">Per il perseguimento dei nostri legittimi interessi, a condizione che non prevalgano gli interessi o i diritti e le libert\u00e0.<\/td>\n<\/tr>\n<\/tbody>\n<\/table>\n<\/div>\n<div class=\"fusion-separator fusion-full-width-sep\" style=\"align-self: center;margin-left: auto;margin-right: auto;flex-grow:3;margin-top:30px;width:100%;\"><\/div><div class=\"fusion-text fusion-text-5\"><p>Per qualsiasi domanda sull\u2019uso dei dati personali (comprese le basi legali e le modalit\u00e0 di trasferimento), i cookie o tecnologie simili, puoi contattarci via e-mail all'indirizzo\u00a0<span class=\"c13\"><a class=\"c11\" href=\"mailto:privacy@truescreen.app\">privacy@truescreen.app<\/a><\/span><span class=\"c0\">.<\/span><\/p>\n<\/div><div class=\"fusion-separator fusion-full-width-sep\" style=\"align-self: center;margin-left: auto;margin-right: auto;flex-grow:3;margin-top:20px;width:100%;\"><\/div><div class=\"fusion-title title fusion-title-5 fusion-sep-none fusion-title-text fusion-title-size-three\"><h3 class=\"fusion-title-heading title-heading-left fusion-responsive-typography-calculated\" style=\"margin:0;--fontSize:26;--minFontSize:26;line-height:1.35;\"><h2 class=\"c3\">Archiviazione e protezione dei dati<\/h2><\/h3><\/div><div class=\"fusion-text fusion-text-6\"><p class=\"c3\"><span class=\"c0\">I dati personali saranno trattati con mezzi automatizzati e non e saranno conservati presso la nostra sede e sui server dei nostri fornitori di servizi situati nell'UE. Non trasferiremo i tuoi dati personali al di fuori dello Spazio Economico Europeo.<\/span><\/p>\n<p class=\"c3 c7\"><span style=\"color: var(--awb-text-color); font-family: var(--awb-text-font-family); font-size: var(--awb-font-size); font-style: var(--awb-text-font-style); font-weight: var(--awb-text-font-weight); letter-spacing: var(--awb-letter-spacing); text-align: var(--awb-content-alignment); text-transform: var(--awb-text-transform); background-color: var(--awb-bg-color-hover);\">Adottiamo misure tecniche e organizzative volte a prevenire la perdita, l'uso improprio e l'alterazione dei tuoi dati personali. In alcuni casi, possono anche essere adottate misure di crittografia e pseudonimizzazione dei dati. Tuttavia, le trasmissioni su Internet non sono mai sicure al 100%, e l'utente non dovrebbe fornire alcun dato personale se vuole evitare qualsiasi rischio.<\/span><\/p>\n<p class=\"c3 c7\"><span style=\"color: var(--awb-text-color); font-family: var(--awb-text-font-family); font-size: var(--awb-font-size); font-style: var(--awb-text-font-style); font-weight: var(--awb-text-font-weight); letter-spacing: var(--awb-letter-spacing); text-align: var(--awb-content-alignment); text-transform: var(--awb-text-transform); background-color: var(--awb-bg-color-hover);\">I dati personali trattati per fornire il servizio saranno conservati sul tuo dispositivo o con il tuo consenso per 7 (sette) giorni. La prova del tuo consenso sar\u00e0 conservata per non pi\u00f9 di 10 (dieci) anni dalla cessazione dell'accordo.<\/span><\/p>\n<p class=\"c3 c7\"><span style=\"color: var(--awb-text-color); font-family: var(--awb-text-font-family); font-size: var(--awb-font-size); font-style: var(--awb-text-font-style); font-weight: var(--awb-text-font-weight); letter-spacing: var(--awb-letter-spacing); text-align: var(--awb-content-alignment); text-transform: var(--awb-text-transform); background-color: var(--awb-bg-color-hover);\">Per altri scopi solamente le informazioni di contatto verranno conservate per 2 (due) anni.<\/span><\/p>\n<\/div><div class=\"fusion-title title fusion-title-6 fusion-sep-none fusion-title-text fusion-title-size-three\"><h3 class=\"fusion-title-heading title-heading-left fusion-responsive-typography-calculated\" style=\"margin:0;--fontSize:26;--minFontSize:26;line-height:1.35;\"><h2 class=\"c3\">Condivisione dei dati personali<\/h2><\/h3><\/div><div class=\"fusion-text fusion-text-7\"><p class=\"c3\"><span class=\"c0\">Condivideremo i tuoi dati personali con le seguenti categorie di destinatari:<\/span><\/p>\n<ul class=\"c15 lst-kix_list_2-0 start\">\n<li class=\"c3 c9 li-bullet-0 translation-block\">Fornitori che svolgono attivit\u00e0 connesse o strumentali alle nostre attivit\u00e0 commerciali e operative in qualit\u00e0 di responsabili del trattamento dei dati in outsourcing nominati per iscritto in conformit\u00e0 con le leggi sulla privacy applicabili, o che agiscono come controllori autonomi dei dati (come fornitori di servizi IT o di archiviazione, partner di misurazione mobile, fornitori di servizi di marketing mobile e reti e piattaforme pubblicitarie).<\/li>\n<li class=\"c3 c9 li-bullet-0\"><span class=\"c0\">Se effettuiamo una transazione o un'operazione aziendale (ad esempio, in caso di fallimento, fusione, acquisizione, riorganizzazione, vendita di beni o cessioni, e due diligence relative a tali transazioni), i tuoi dati personali possono essere comunicati ai nostri consulenti e ai consulenti di qualsiasi potenziale acquirente, e possono essere uno dei beni che viene trasferito a un altro proprietario.<\/span><\/li>\n<li class=\"c3 c9 li-bullet-0\"><span class=\"c0\">Autorit\u00e0 pubbliche, giudiziarie o di polizia, nei limiti stabiliti dalle leggi applicabili.<\/span><\/li>\n<\/ul>\n<p class=\"c3\"><span class=\"c0\">I dati personali non saranno divulgati per motivi diversi da quelli sopra indicati, a meno che tale divulgazione non sia ritenuta necessaria per l'adempimento di un obbligo legale o nel caso in cui venga richiesto il tuo consenso.<\/span><\/p>\n<\/div><div class=\"fusion-title title fusion-title-7 fusion-sep-none fusion-title-text fusion-title-size-three\"><h3 class=\"fusion-title-heading title-heading-left fusion-responsive-typography-calculated\" style=\"margin:0;--fontSize:26;--minFontSize:26;line-height:1.35;\"><h2 class=\"c3\">Le vostre scelte<\/h2><\/h3><\/div><div class=\"fusion-text fusion-text-8\"><p class=\"c3 translation-block\">E-mail. Se non vuoi pi\u00f9 ricevere determinate comunicazioni da noi via e-mail o SMS, basta accedere all'opzione \"Impostazioni di comunicazione\" nella sezione \"Account\" del nostro sito web e deselezionare le voci per annullare l'iscrizione. In alternativa, cliccare sul link \"unsubscribe\" nell'e-mail o rispondere con messaggio di testo. Ti segnaliamo che non \u00e8 possibile annullare l'iscrizione alla corrispondenza relativa al servizio da parte nostra, come i messaggi relativi alle transazioni del tuo account.<\/p>\n<p class=\"c3 c7 translation-block\">Notifiche push. \u00c8 possibile scegliere di ricevere notifiche mobili push. Su alcuni sistemi operativi di dispositivi, sarete automaticamente iscritti alle notifiche. Se successivamente decidete di non voler pi\u00f9 ricevere queste notifiche, potete utilizzare la funzionalit\u00e0 delle impostazioni del vostro dispositivo mobile per disattivarle. Offriamo anche notifiche push su alcuni browser web. Se accettate di ricevere queste notifiche e successivamente decidete che non desiderate pi\u00f9 riceverle, potete utilizzare le impostazioni del vostro browser per disattivarle.<\/p>\n<\/div><div class=\"fusion-title title fusion-title-8 fusion-sep-none fusion-title-text fusion-title-size-three\"><h3 class=\"fusion-title-heading title-heading-left fusion-responsive-typography-calculated\" style=\"margin:0;--fontSize:26;--minFontSize:26;line-height:1.35;\"><h2 class=\"c3\">Diritti di informazione e privacy<\/h2><\/h3><\/div><div class=\"fusion-text fusion-text-9\"><p class=\"c3\"><span class=\"c0\">Hai diritto a richiedere l'accesso ai tuoi dati, o correggere o aggiornare le informazioni personali obsolete o inesatte che abbiamo su di te. Puoi anche richiedere la cancellazione delle tue informazioni personali in nostro possesso.<\/span><\/p>\n<p class=\"c3\">Puoi opporti al trattamento dei tuoi dati personali, chiederci di limitarlo o richiedere la portabilit\u00e0 dei tuoi dati; nel caso in cui i dati siano stati raccolti e trattati sulla base del tuo consenso, hai la facolt\u00e0 ritirare il consenso in qualsiasi momento. Ti ricordiamo per\u00f2 che il ritiro del consenso non influir\u00e0 sulla legittimit\u00e0 di qualsiasi trattamento effettuato in precedenza, n\u00e9 influir\u00e0 sul trattamento dei tuoi dati personali condotto sulla base di motivi di trattamento legittimi diversi dal consenso; hai il diritto di presentare un reclamo a un'autorit\u00e0 garante della protezione dei dati sulle nostre modalit\u00e0 di raccolta e utilizzo dei tuoi dati personali.<\/p>\n<p class=\"c3\"><span class=\"c0\">Quando visiti la sezione \"Account\", hai la possibilit\u00e0 di accedere e aggiornare una vasta gamma di informazioni, comprese quelle di contatto, di pagamento e varie informazioni relative al tuo account (come il contenuto che hai visto e valutato). Per accedere alla sezione \u00e8 necessario aver effettuato l'accesso.<\/span><\/p>\n<p class=\"c3\">Se sei il proprietario dell\u2019account, per scaricare una copia delle tue informazioni personali contattaci all\u2019indirizzo <span class=\"c19\"><a class=\"c11\" href=\"mailto:privacy@truescreen.app\">privacy@truescreen.app<\/a><\/span><\/p>\n<p class=\"c3\">Per altre richieste, o se hai domande relative alle nostre politiche sulla privacy, contattaci all'indirizzo <span class=\"c13\"><a class=\"c11\" href=\"mailto:privacy@truescreen.app\">privacy@truescreen.app<\/a><\/span><span class=\"c0\">. <\/span><\/p>\n<p class=\"c3\"><span class=\"c0\">Rispondiamo a tutte le richieste che riceviamo di chi desidera esercitare i propri diritti in conformit\u00e0 con le leggi applicabili sulla protezione dei dati. Si ricorda di consultare anche la sezione \"Le tue scelte\" di questo documento per ulteriori scelte riguardanti i tuoi dati.<\/span><\/p>\n<\/div><div class=\"fusion-separator fusion-full-width-sep\" style=\"align-self: center;margin-left: auto;margin-right: auto;margin-top:100px;width:100%;\"><\/div><\/div><\/div><\/div><\/div>","protected":false},"excerpt":{"rendered":"","protected":false},"author":6,"featured_media":34734,"parent":0,"menu_order":0,"comment_status":"closed","ping_status":"closed","template":"100-width.php","meta":{"_acf_changed":false,"footnotes":""},"class_list":["post-33997","page","type-page","status-publish","has-post-thumbnail","hentry"],"acf":[],"_links":{"self":[{"href":"https:\/\/truescreen.io\/it\/wp-json\/wp\/v2\/pages\/33997","targetHints":{"allow":["GET"]}}],"collection":[{"href":"https:\/\/truescreen.io\/it\/wp-json\/wp\/v2\/pages"}],"about":[{"href":"https:\/\/truescreen.io\/it\/wp-json\/wp\/v2\/types\/page"}],"author":[{"embeddable":true,"href":"https:\/\/truescreen.io\/it\/wp-json\/wp\/v2\/users\/6"}],"replies":[{"embeddable":true,"href":"https:\/\/truescreen.io\/it\/wp-json\/wp\/v2\/comments?post=33997"}],"version-history":[{"count":8,"href":"https:\/\/truescreen.io\/it\/wp-json\/wp\/v2\/pages\/33997\/revisions"}],"predecessor-version":[{"id":44536,"href":"https:\/\/truescreen.io\/it\/wp-json\/wp\/v2\/pages\/33997\/revisions\/44536"}],"wp:featuredmedia":[{"embeddable":true,"href":"https:\/\/truescreen.io\/it\/wp-json\/wp\/v2\/media\/34734"}],"wp:attachment":[{"href":"https:\/\/truescreen.io\/it\/wp-json\/wp\/v2\/media?parent=33997"}],"curies":[{"name":"wp","href":"https:\/\/api.w.org\/{rel}","templated":true}]}}