{"id":27866,"date":"2023-04-04T16:43:07","date_gmt":"2023-04-04T14:43:07","guid":{"rendered":"https:\/\/dev.truescreen.io\/?page_id=27866"},"modified":"2026-03-22T17:07:13","modified_gmt":"2026-03-22T16:07:13","slug":"download","status":"publish","type":"page","link":"https:\/\/truescreen.io\/it\/download\/","title":{"rendered":"Pagina di download"},"content":{"rendered":"<div class=\"fusion-fullwidth fullwidth-box fusion-builder-row-1 fusion-flex-container has-pattern-background has-mask-background fusion-parallax-fixed nonhundred-percent-fullwidth non-hundred-percent-height-scrolling\" style=\"--awb-border-radius-top-left:0px;--awb-border-radius-top-right:0px;--awb-border-radius-bottom-right:0px;--awb-border-radius-bottom-left:0px;--awb-padding-top:80px;--awb-padding-right:160px;--awb-padding-bottom:80px;--awb-padding-left:160px;--awb-padding-top-medium:90px;--awb-padding-right-medium:60px;--awb-padding-bottom-medium:90px;--awb-padding-left-medium:69px;--awb-padding-top-small:0px;--awb-padding-right-small:24px;--awb-padding-bottom-small:40px;--awb-padding-left-small:24px;--awb-margin-bottom:0px;--awb-margin-bottom-medium:0px;--awb-margin-bottom-small:0px;--awb-background-color:var(--awb-color2);--awb-background-image:url(&quot;https:\/\/truescreen.io\/wp-content\/uploads\/2023\/03\/Bg-Center.png&quot;);--awb-background-size:cover;--awb-flex-wrap:wrap;background-attachment:fixed;\" ><div class=\"fusion-builder-row fusion-row fusion-flex-align-items-center fusion-flex-content-wrap\" style=\"max-width:1236px;margin-left: calc(-3% \/ 2 );margin-right: calc(-3% \/ 2 );\"><div class=\"fusion-layout-column fusion_builder_column fusion-builder-column-0 fusion-flex-column\" style=\"--awb-padding-bottom-small:0px;--awb-bg-size:cover;--awb-width-large:60%;--awb-margin-top-large:0px;--awb-spacing-right-large:2.425%;--awb-margin-bottom-large:20px;--awb-spacing-left-large:0%;--awb-width-medium:100%;--awb-order-medium:0;--awb-spacing-right-medium:0%;--awb-spacing-left-medium:1.455%;--awb-width-small:100%;--awb-order-small:0;--awb-margin-top-small:50px;--awb-spacing-right-small:3.88%;--awb-margin-bottom-small:30px;--awb-spacing-left-small:3.977%;\"><div class=\"fusion-column-wrapper fusion-column-has-shadow fusion-flex-justify-content-flex-start fusion-content-layout-column\"><div class=\"fusion-title title fusion-title-1 fusion-sep-none fusion-title-text fusion-title-size-one\" style=\"--awb-text-color:var(--awb-color1);--awb-margin-bottom-small:30px;\"><h1 class=\"fusion-title-heading title-heading-left fusion-responsive-typography-calculated\" style=\"margin:0;--fontSize:36;--minFontSize:36;line-height:1.3;\"><h1>Scarica ora l'applicazione TrueScreen<\/h1><\/h1><\/div><div class=\"fusion-text fusion-text-1\" style=\"--awb-text-color:var(--awb-color5);--awb-margin-right:80px;\"><h6 style=\"color: var(--awb-color5);\">Certifica l'autenticit\u00e0 e l'immodificabilit\u00e0 di foto, video, screenshot per garantirne autenticit\u00e0 ed immodificabilit\u00e0<\/h6>\n<\/div><div class=\"fusion-separator fusion-full-width-sep\" style=\"align-self: center;margin-left: auto;margin-right: auto;margin-top:16px;margin-bottom:16px;width:100%;\"><\/div><div class=\"fusion-builder-row fusion-builder-row-inner fusion-row fusion-flex-align-items-center fusion-flex-content-wrap\" style=\"width:103% !important;max-width:103% !important;margin-left: calc(-3% \/ 2 );margin-right: calc(-3% \/ 2 );\"><div class=\"fusion-layout-column fusion_builder_column_inner fusion-builder-nested-column-0 fusion-flex-column\" style=\"--awb-bg-size:cover;--awb-width-large:40%;--awb-margin-top-large:0px;--awb-spacing-right-large:3.6375%;--awb-margin-bottom-large:20px;--awb-spacing-left-large:3.6375%;--awb-width-medium:100%;--awb-order-medium:0;--awb-spacing-right-medium:1.455%;--awb-spacing-left-medium:1.455%;--awb-width-small:100%;--awb-order-small:0;--awb-spacing-right-small:1.455%;--awb-spacing-left-small:1.455%;\"><div class=\"fusion-column-wrapper fusion-column-has-shadow fusion-flex-justify-content-flex-start fusion-content-layout-column\"><div ><a class=\"fusion-button button-flat fusion-button-default-size button-default fusion-button-default button-1 fusion-button-default-span fusion-button-default-type\" style=\"--button_margin-bottom:20px;\" target=\"_self\" href=\"https:\/\/onelink.to\/truescreen\" rel=\"noopener\"><span class=\"fusion-button-text\">Scarica l'App<\/span><\/a><\/div><div class=\"fusion-image-element\" style=\"--awb-liftup-border-radius:0px;--awb-margin-left:-6px;--awb-caption-title-font-family:var(--h2_typography-font-family);--awb-caption-title-font-weight:var(--h2_typography-font-weight);--awb-caption-title-font-style:var(--h2_typography-font-style);--awb-caption-title-size:var(--h2_typography-font-size);--awb-caption-title-transform:var(--h2_typography-text-transform);--awb-caption-title-line-height:var(--h2_typography-line-height);--awb-caption-title-letter-spacing:var(--h2_typography-letter-spacing);\"><div class=\"awb-image-frame awb-image-frame-1 imageframe-liftup\" style=\"max-width:150px;\"><span class=\"fusion-imageframe imageframe-none imageframe-1\"><a class=\"fusion-no-lightbox\" href=\"https:\/\/apps.apple.com\/it\/app\/truescreen-valore-legale-file\/id1556229406\" target=\"_self\" aria-label=\"mela-store-badge\" rel=\"noopener\"><img decoding=\"async\" width=\"646\" height=\"250\" alt=\"&quot;&quot;\" src=\"https:\/\/truescreen.io\/wp-content\/uploads\/2023\/05\/apple-store-badge.png\" class=\"img-responsive wp-image-34088\" srcset=\"https:\/\/truescreen.io\/wp-content\/uploads\/2023\/05\/apple-store-badge-200x77.png 200w, https:\/\/truescreen.io\/wp-content\/uploads\/2023\/05\/apple-store-badge-400x155.png 400w, https:\/\/truescreen.io\/wp-content\/uploads\/2023\/05\/apple-store-badge-600x232.png 600w, https:\/\/truescreen.io\/wp-content\/uploads\/2023\/05\/apple-store-badge.png 646w\" sizes=\"(max-width: 1024px) 100vw, (max-width: 640px) 100vw, 646px\" \/><\/a><\/span><\/div><\/div><div class=\"fusion-image-element\" style=\"--awb-liftup-border-radius:0px;--awb-margin-left:-6px;--awb-caption-title-font-family:var(--h2_typography-font-family);--awb-caption-title-font-weight:var(--h2_typography-font-weight);--awb-caption-title-font-style:var(--h2_typography-font-style);--awb-caption-title-size:var(--h2_typography-font-size);--awb-caption-title-transform:var(--h2_typography-text-transform);--awb-caption-title-line-height:var(--h2_typography-line-height);--awb-caption-title-letter-spacing:var(--h2_typography-letter-spacing);\"><div class=\"awb-image-frame awb-image-frame-2 imageframe-liftup\" style=\"max-width:150px;\"><span class=\"fusion-imageframe imageframe-none imageframe-2\"><a class=\"fusion-no-lightbox\" href=\"https:\/\/play.google.com\/store\/apps\/details?id=com.truescreen.app&amp;pcampaignid=web_share\" target=\"_self\" aria-label=\"gioco-negozio-badge\" rel=\"noopener\"><img decoding=\"async\" width=\"646\" height=\"250\" alt=\"&quot;&quot;\" src=\"https:\/\/truescreen.io\/wp-content\/uploads\/2023\/05\/play-store-badge.png\" class=\"img-responsive wp-image-34089\" srcset=\"https:\/\/truescreen.io\/wp-content\/uploads\/2023\/05\/play-store-badge-200x77.png 200w, https:\/\/truescreen.io\/wp-content\/uploads\/2023\/05\/play-store-badge-400x155.png 400w, https:\/\/truescreen.io\/wp-content\/uploads\/2023\/05\/play-store-badge-600x232.png 600w, https:\/\/truescreen.io\/wp-content\/uploads\/2023\/05\/play-store-badge.png 646w\" sizes=\"(max-width: 1024px) 100vw, (max-width: 640px) 100vw, 646px\" \/><\/a><\/span><\/div><\/div><\/div><\/div><div class=\"fusion-layout-column fusion_builder_column_inner fusion-builder-nested-column-1 fusion_builder_column_inner_1_2 1_2 fusion-flex-column\" style=\"--awb-bg-size:cover;--awb-width-large:50%;--awb-margin-top-large:0px;--awb-spacing-right-large:2.91%;--awb-margin-bottom-large:20px;--awb-spacing-left-large:2.91%;--awb-width-medium:100%;--awb-order-medium:0;--awb-spacing-right-medium:1.455%;--awb-spacing-left-medium:1.455%;--awb-width-small:100%;--awb-order-small:0;--awb-spacing-right-small:1.455%;--awb-spacing-left-small:1.455%;\"><div class=\"fusion-column-wrapper fusion-column-has-shadow fusion-flex-justify-content-flex-start fusion-content-layout-column\"><div class=\"fusion-title title fusion-title-2 fusion-sep-none fusion-title-text fusion-title-size-five\"><h5 class=\"fusion-title-heading title-heading-left fusion-responsive-typography-calculated\" style=\"margin:0;--fontSize:16;--minFontSize:16;line-height:1.45;\">Scansiona per scaricare<\/h5><\/div><div class=\"fusion-image-element\" style=\"text-align:left;--awb-max-width:150px;--awb-caption-title-font-family:var(--h2_typography-font-family);--awb-caption-title-font-weight:var(--h2_typography-font-weight);--awb-caption-title-font-style:var(--h2_typography-font-style);--awb-caption-title-size:var(--h2_typography-font-size);--awb-caption-title-transform:var(--h2_typography-text-transform);--awb-caption-title-line-height:var(--h2_typography-line-height);--awb-caption-title-letter-spacing:var(--h2_typography-letter-spacing);\"><span class=\"fusion-imageframe imageframe-none imageframe-3 hover-type-none\"><img decoding=\"async\" width=\"500\" height=\"500\" alt=\"&quot;&quot;\" title=\"qr-code-download-app-truescreen\" src=\"https:\/\/truescreen.io\/wp-content\/uploads\/2024\/02\/qr-code-download-app-truescreen.jpg\" class=\"img-responsive wp-image-37461\" srcset=\"https:\/\/truescreen.io\/wp-content\/uploads\/2024\/02\/qr-code-download-app-truescreen-200x200.jpg 200w, https:\/\/truescreen.io\/wp-content\/uploads\/2024\/02\/qr-code-download-app-truescreen-400x400.jpg 400w, https:\/\/truescreen.io\/wp-content\/uploads\/2024\/02\/qr-code-download-app-truescreen.jpg 500w\" sizes=\"(max-width: 1024px) 100vw, (max-width: 640px) 100vw, 500px\" \/><\/span><\/div><\/div><\/div><\/div><\/div><\/div><div class=\"fusion-layout-column fusion_builder_column fusion-builder-column-1 fusion-flex-column\" style=\"--awb-padding-top-small:0px;--awb-bg-size:cover;--awb-width-large:40%;--awb-margin-top-large:0px;--awb-spacing-right-large:0%;--awb-margin-bottom-large:20px;--awb-spacing-left-large:0%;--awb-width-medium:100%;--awb-order-medium:0;--awb-spacing-right-medium:1.455%;--awb-spacing-left-medium:1.455%;--awb-width-small:100%;--awb-order-small:0;--awb-spacing-right-small:1.455%;--awb-spacing-left-small:1.455%;\"><div class=\"fusion-column-wrapper fusion-column-has-shadow fusion-flex-justify-content-flex-start fusion-content-layout-column\"><div class=\"fusion-image-element sm-text-align-center\" style=\"--awb-caption-title-font-family:var(--h2_typography-font-family);--awb-caption-title-font-weight:var(--h2_typography-font-weight);--awb-caption-title-font-style:var(--h2_typography-font-style);--awb-caption-title-size:var(--h2_typography-font-size);--awb-caption-title-transform:var(--h2_typography-text-transform);--awb-caption-title-line-height:var(--h2_typography-line-height);--awb-caption-title-letter-spacing:var(--h2_typography-letter-spacing);\"><span class=\"fusion-imageframe imageframe-none imageframe-4 hover-type-none fusion-animated\" data-animationtype=\"fadeInUp\" data-animationduration=\"1.5\" data-animationoffset=\"top-into-view\"><img decoding=\"async\" width=\"2400\" height=\"2418\" title=\"App Mobile\" src=\"https:\/\/truescreen.io\/wp-content\/uploads\/2026\/03\/Mobile-App.png\" alt class=\"img-responsive wp-image-55216\" srcset=\"https:\/\/truescreen.io\/wp-content\/uploads\/2026\/03\/Mobile-App-200x202.png 200w, https:\/\/truescreen.io\/wp-content\/uploads\/2026\/03\/Mobile-App-400x403.png 400w, https:\/\/truescreen.io\/wp-content\/uploads\/2026\/03\/Mobile-App-600x605.png 600w, https:\/\/truescreen.io\/wp-content\/uploads\/2026\/03\/Mobile-App-800x806.png 800w, https:\/\/truescreen.io\/wp-content\/uploads\/2026\/03\/Mobile-App-1200x1209.png 1200w, https:\/\/truescreen.io\/wp-content\/uploads\/2026\/03\/Mobile-App.png 2400w\" sizes=\"(max-width: 1024px) 100vw, (max-width: 640px) 100vw, 2400px\" \/><\/span><\/div><\/div><\/div><\/div><\/div>","protected":false},"excerpt":{"rendered":"","protected":false},"author":4,"featured_media":46683,"parent":0,"menu_order":0,"comment_status":"closed","ping_status":"closed","template":"100-width.php","meta":{"_acf_changed":false,"footnotes":""},"class_list":["post-27866","page","type-page","status-publish","has-post-thumbnail","hentry"],"acf":[],"_links":{"self":[{"href":"https:\/\/truescreen.io\/it\/wp-json\/wp\/v2\/pages\/27866","targetHints":{"allow":["GET"]}}],"collection":[{"href":"https:\/\/truescreen.io\/it\/wp-json\/wp\/v2\/pages"}],"about":[{"href":"https:\/\/truescreen.io\/it\/wp-json\/wp\/v2\/types\/page"}],"author":[{"embeddable":true,"href":"https:\/\/truescreen.io\/it\/wp-json\/wp\/v2\/users\/4"}],"replies":[{"embeddable":true,"href":"https:\/\/truescreen.io\/it\/wp-json\/wp\/v2\/comments?post=27866"}],"version-history":[{"count":42,"href":"https:\/\/truescreen.io\/it\/wp-json\/wp\/v2\/pages\/27866\/revisions"}],"predecessor-version":[{"id":55678,"href":"https:\/\/truescreen.io\/it\/wp-json\/wp\/v2\/pages\/27866\/revisions\/55678"}],"wp:featuredmedia":[{"embeddable":true,"href":"https:\/\/truescreen.io\/it\/wp-json\/wp\/v2\/media\/46683"}],"wp:attachment":[{"href":"https:\/\/truescreen.io\/it\/wp-json\/wp\/v2\/media?parent=27866"}],"curies":[{"name":"wp","href":"https:\/\/api.w.org\/{rel}","templated":true}]}}